{"id":3033,"date":"2021-12-20T12:54:36","date_gmt":"2021-12-20T12:54:36","guid":{"rendered":"https:\/\/ekw.templ8.nl\/politica-de-privacidad\/"},"modified":"2021-12-20T12:54:41","modified_gmt":"2021-12-20T12:54:41","slug":"politica-de-privacidad","status":"publish","type":"page","link":"https:\/\/ekwtransport.nl\/es\/politica-de-privacidad\/","title":{"rendered":"Pol\u00edtica de privacidad"},"content":{"rendered":"<p>Esta es la declaraci\u00f3n de privacidad de: EKW Transport ubicada en <span class=\"elementor-icon-list-text\">Van Leeuwenhoeklaan 4, 9207 JE en Drachten<\/span> . N\u00famero de registro de la C\u00e1mara de Comercio: 53899776 con n\u00famero de IVA: NL001435295B05. Si tiene preguntas o p\u00f3ngase en contacto, puede enviar un correo electr\u00f3nico <a href=\"info@ekwtransport.nl\"><span class=\"elementor-icon-list-text\">a info@ekwtransport.nl<\/span><\/a> .<\/p>\n<h2>Qu\u00e9 datos personales recopilamos y por qu\u00e9 los recopilamos<\/h2>\n<h3>Comentarios<\/h3>\n<p>Cuando los visitantes dejan comentarios en el sitio, recopilamos la informaci\u00f3n que se muestra en el formulario de comentarios, la direcci\u00f3n IP del visitante y el agente de usuario del navegador para ayudar a la detecci\u00f3n de spam.<\/p>\n<p>Una cadena an\u00f3nima creada a partir de su direcci\u00f3n de correo electr\u00f3nico (tambi\u00e9n llamada hash) se puede enviar al servicio Gravatar si la usa. La p\u00e1gina de la pol\u00edtica de privacidad se puede encontrar aqu\u00ed: https:\/\/automattic.com\/privacy\/. Despu\u00e9s de que se apruebe su comentario, su foto de perfil ser\u00e1 visible p\u00fablicamente en el contexto de su comentario.<\/p>\n<h3>Medios de comunicaci\u00f3n<\/h3>\n<p>Si es un usuario registrado y carga im\u00e1genes en el sitio, debe evitar cargar im\u00e1genes que contengan datos de ubicaci\u00f3n GPS EXIF. Los visitantes del sitio pueden descargar las im\u00e1genes del sitio y ver los datos de ubicaci\u00f3n.<\/p>\n<h3>Formularios de contacto<\/h3>\n<p>Los datos personales de contacto se registran cuando se completa el formulario de contacto. Estos datos se almacenan en nuestro buz\u00f3n. Los datos personales de contacto se conservar\u00e1n para la prestaci\u00f3n del servicio. Los datos de contacto guardados no se utilizan con fines de marketing.<\/p>\n<h3>Galletas<\/h3>\n<p>Cuando deja un comentario en nuestro sitio, puede indicar si su nombre, direcci\u00f3n de correo electr\u00f3nico y sitio pueden almacenarse en una cookie. Hacemos esto para su conveniencia para que no tenga que volver a ingresar esta informaci\u00f3n para una nueva respuesta. Estas cookies tienen una validez de un a\u00f1o.<\/p>\n<p>Cuando visita nuestra p\u00e1gina de inicio de sesi\u00f3n, almacenamos una cookie temporal para comprobar si su navegador acepta cookies. Esta cookie no contiene datos personales y se elimina tan pronto como cierra su navegador.<\/p>\n<p>Una vez que inicie sesi\u00f3n, almacenaremos algunas cookies en relaci\u00f3n con su informaci\u00f3n de inicio de sesi\u00f3n y las opciones de visualizaci\u00f3n de la pantalla. Las cookies de inicio de sesi\u00f3n son v\u00e1lidas durante 2 d\u00edas y las cookies para las opciones de visualizaci\u00f3n de la pantalla son v\u00e1lidas durante 1 a\u00f1o. Si selecciona \u00abRecordarme\u00bb, su inicio de sesi\u00f3n se guardar\u00e1 durante 2 semanas. Tan pronto como cierre la sesi\u00f3n de su cuenta, se eliminar\u00e1n las cookies de inicio de sesi\u00f3n.<\/p>\n<p>Cuando edita o publica un mensaje, su navegador almacena una cookie adicional. Esta cookie no contiene datos personales y solo contiene el ID de publicaci\u00f3n del art\u00edculo que ha editado. Esta cookie caduca despu\u00e9s de un d\u00eda.<\/p>\n<h3>Contenido incrustado de otros sitios<\/h3>\n<p>Los mensajes de este sitio pueden contener contenido incrustado (incrustado) (por ejemplo, videos, im\u00e1genes, mensajes, etc.). El contenido incrustado de otros sitios se comporta exactamente igual que si el visitante hubiera visitado este otro sitio.<\/p>\n<p>Estos sitios pueden recopilar datos sobre usted, usar cookies, incrustar un seguimiento adicional de terceros y monitorear su interacci\u00f3n con este contenido incrustado, incluida la grabaci\u00f3n de su interacci\u00f3n con el contenido incrustado si tiene una cuenta y ha iniciado sesi\u00f3n en ese sitio.<\/p>\n<h3>Registros de seguridad<\/h3>\n<p>La direcci\u00f3n IP de los visitantes, la identificaci\u00f3n de usuario de los usuarios registrados y el nombre de usuario de los intentos de inicio de sesi\u00f3n se registran condicionalmente para monitorear la actividad maliciosa y proteger el sitio de tipos espec\u00edficos de ataques. Ejemplos de condiciones de inicio de sesi\u00f3n incluyen intentos de inicio de sesi\u00f3n, solicitudes de cierre de sesi\u00f3n, solicitudes de URL sospechosas, cambios de contenido del sitio y actualizaciones de contrase\u00f1a. Esta informaci\u00f3n se conserva durante 60 d\u00edas.<\/p>\n<h3>Anal\u00edtica<\/h3>\n<p>Intentamos que la experiencia que tenga con nuestro sitio web sea lo mejor y \u00f3ptima posible. Esto solo es posible si sabemos lo que hacen nuestros visitantes en el sitio web. Y as\u00ed publicar m\u00e1s de lo que le gusta y menos de lo que no le gusta.<\/p>\n<p dir=\"ltr\">Finalidad: a trav\u00e9s de Google Analytics sabemos c\u00f3mo lleg\u00f3 al sitio web y c\u00f3mo lo utiliza. Usamos estas estad\u00edsticas para mejorar continuamente el sitio web, de modo que tenga la mejor experiencia posible en nuestro sitio web. Esta cookie proviene de Google y se almacena durante un m\u00e1ximo de 26 meses.<\/p>\n<p dir=\"ltr\">M\u00e1s informaci\u00f3n:<a href=\"http:\/\/www.google.com\/policies\/privacy\/\" target=\"_blank\" rel=\"noopener noreferrer\"> http:\/\/www.google.com\/policies\/privacy\/<\/a><\/p>\n<h2>Con qui\u00e9n compartimos sus datos<\/h2>\n<p>Para que la informaci\u00f3n solicitada sea accesible, trabajamos en conjunto con terceros. Piense en un administrador de un sitio web, un anfitri\u00f3n, una conexi\u00f3n telef\u00f3nica autom\u00e1tica, un sistema de boletines y un software de administraci\u00f3n. Se ha celebrado un llamado Acuerdo de procesador con todas las partes involucradas. Este acuerdo garantiza, entre otras cosas, la seguridad y la eliminaci\u00f3n oportuna de sus datos personales.<\/p>\n<h2>Cu\u00e1nto tiempo conservamos sus datos<\/h2>\n<p>Cuando dejas un comentario, ese comentario y los metadatos de ese comentario se guardar\u00e1n para siempre. De esta manera podemos reconocer y aprobar autom\u00e1ticamente los comentarios de seguimiento en lugar de moderarlos.<\/p>\n<p>Para los usuarios que se registran en nuestro sitio (si corresponde), tambi\u00e9n almacenamos la informaci\u00f3n personal que proporcionan en su perfil de usuario. Todos los usuarios pueden ver, editar o eliminar su informaci\u00f3n personal en cualquier momento (excepto que no pueden cambiar su nombre de usuario). Los administradores del sitio tambi\u00e9n pueden ver y editar esta informaci\u00f3n.<\/p>\n<p>Los registros de seguridad se guardan durante 60 d\u00edas.<\/p>\n<h2>Que derechos tienes sobre tus datos<\/h2>\n<p>Si tiene una cuenta en este sitio o ha dejado comentarios, puede solicitar un archivo exportado de la informaci\u00f3n personal que tenemos sobre usted, incluida cualquier informaci\u00f3n que nos haya proporcionado. Tambi\u00e9n puede solicitar que eliminemos cualquier informaci\u00f3n personal que tengamos sobre usted. Esto no incluye los datos que estamos obligados a conservar con fines administrativos, legales o de seguridad.<\/p>\n<h2>A donde enviamos sus datos<\/h2>\n<p>Este sitio se analiza en busca de malware y vulnerabilidades potenciales mediante el esc\u00e1ner de sitios iThemes. No enviamos ninguna informaci\u00f3n personal al esc\u00e1ner; sin embargo, el esc\u00e1ner puede encontrar informaci\u00f3n personal publicada p\u00fablicamente (como en los comentarios) durante el escaneo.<\/p>\n<h2>Informaci\u00f3n Adicional<\/h2>\n<h3>C\u00f3mo protegemos sus datos<\/h3>\n<p>Tus datos personales est\u00e1n seguros. Los datos confiados est\u00e1n protegidos con medidas de seguridad t\u00e9cnicas y administrativas para minimizar el riesgo de p\u00e9rdida, mal uso, acceso no autorizado, divulgaci\u00f3n y alteraci\u00f3n. Puede pensar en firewalls, cifrado de datos, conexiones seguras y controles de acceso f\u00edsicos y administrativos a los datos y servidores.<\/p>\n","protected":false},"excerpt":{"rendered":"<p>Esta es la declaraci\u00f3n de privacidad de: EKW Transport ubicada en Van Leeuwenhoeklaan 4, 9207 JE en Drachten . N\u00famero de registro de la C\u00e1mara de Comercio: 53899776 con n\u00famero de IVA: NL001435295B05. Si tiene preguntas o p\u00f3ngase en contacto, puede enviar un correo electr\u00f3nico a info@ekwtransport.nl . Qu\u00e9 datos personales recopilamos y por qu\u00e9 [&hellip;]<\/p>\n","protected":false},"author":1,"featured_media":1828,"parent":0,"menu_order":0,"comment_status":"closed","ping_status":"closed","template":"","meta":{"footnotes":""},"class_list":["post-3033","page","type-page","status-publish","has-post-thumbnail","hentry"],"yoast_head":"<!-- This site is optimized with the Yoast SEO plugin v27.5 - https:\/\/yoast.com\/product\/yoast-seo-wordpress\/ -->\n<title>Pol\u00edtica de privacidad - EKW Transport<\/title>\n<meta name=\"robots\" content=\"noindex, follow\" \/>\n<meta property=\"og:locale\" content=\"es_ES\" \/>\n<meta property=\"og:type\" content=\"article\" \/>\n<meta property=\"og:title\" content=\"Pol\u00edtica de privacidad - EKW Transport\" \/>\n<meta property=\"og:description\" content=\"Esta es la declaraci\u00f3n de privacidad de: EKW Transport ubicada en Van Leeuwenhoeklaan 4, 9207 JE en Drachten . N\u00famero de registro de la C\u00e1mara de Comercio: 53899776 con n\u00famero de IVA: NL001435295B05. Si tiene preguntas o p\u00f3ngase en contacto, puede enviar un correo electr\u00f3nico a info@ekwtransport.nl . Qu\u00e9 datos personales recopilamos y por qu\u00e9 [&hellip;]\" \/>\n<meta property=\"og:url\" content=\"https:\/\/ekwtransport.nl\/es\/politica-de-privacidad\/\" \/>\n<meta property=\"og:site_name\" content=\"EKW Transport\" \/>\n<meta property=\"article:modified_time\" content=\"2021-12-20T12:54:41+00:00\" \/>\n<meta property=\"og:image\" content=\"https:\/\/ekwtransport.nl\/wp-content\/uploads\/2021\/11\/Beginpagina_EKW-Transport1-min-scaled.jpg\" \/>\n\t<meta property=\"og:image:width\" content=\"2560\" \/>\n\t<meta property=\"og:image:height\" content=\"1440\" \/>\n\t<meta property=\"og:image:type\" content=\"image\/jpeg\" \/>\n<meta name=\"twitter:card\" content=\"summary_large_image\" \/>\n<meta name=\"twitter:label1\" content=\"Tiempo de lectura\" \/>\n\t<meta name=\"twitter:data1\" content=\"6 minutos\" \/>\n<script type=\"application\/ld+json\" class=\"yoast-schema-graph\">{\"@context\":\"https:\\\/\\\/schema.org\",\"@graph\":[{\"@type\":\"WebPage\",\"@id\":\"https:\\\/\\\/ekwtransport.nl\\\/es\\\/politica-de-privacidad\\\/\",\"url\":\"https:\\\/\\\/ekwtransport.nl\\\/es\\\/politica-de-privacidad\\\/\",\"name\":\"Pol\u00edtica de privacidad - EKW Transport\",\"isPartOf\":{\"@id\":\"https:\\\/\\\/ekwtransport.nl\\\/es\\\/#website\"},\"primaryImageOfPage\":{\"@id\":\"https:\\\/\\\/ekwtransport.nl\\\/es\\\/politica-de-privacidad\\\/#primaryimage\"},\"image\":{\"@id\":\"https:\\\/\\\/ekwtransport.nl\\\/es\\\/politica-de-privacidad\\\/#primaryimage\"},\"thumbnailUrl\":\"https:\\\/\\\/ekwtransport.nl\\\/wp-content\\\/uploads\\\/2021\\\/11\\\/Beginpagina_EKW-Transport1-min-scaled.jpg\",\"datePublished\":\"2021-12-20T12:54:36+00:00\",\"dateModified\":\"2021-12-20T12:54:41+00:00\",\"breadcrumb\":{\"@id\":\"https:\\\/\\\/ekwtransport.nl\\\/es\\\/politica-de-privacidad\\\/#breadcrumb\"},\"inLanguage\":\"es\",\"potentialAction\":[{\"@type\":\"ReadAction\",\"target\":[\"https:\\\/\\\/ekwtransport.nl\\\/es\\\/politica-de-privacidad\\\/\"]}]},{\"@type\":\"ImageObject\",\"inLanguage\":\"es\",\"@id\":\"https:\\\/\\\/ekwtransport.nl\\\/es\\\/politica-de-privacidad\\\/#primaryimage\",\"url\":\"https:\\\/\\\/ekwtransport.nl\\\/wp-content\\\/uploads\\\/2021\\\/11\\\/Beginpagina_EKW-Transport1-min-scaled.jpg\",\"contentUrl\":\"https:\\\/\\\/ekwtransport.nl\\\/wp-content\\\/uploads\\\/2021\\\/11\\\/Beginpagina_EKW-Transport1-min-scaled.jpg\",\"width\":2560,\"height\":1440,\"caption\":\"EKW Transport\"},{\"@type\":\"BreadcrumbList\",\"@id\":\"https:\\\/\\\/ekwtransport.nl\\\/es\\\/politica-de-privacidad\\\/#breadcrumb\",\"itemListElement\":[{\"@type\":\"ListItem\",\"position\":1,\"name\":\"Home\",\"item\":\"https:\\\/\\\/ekwtransport.nl\\\/es\\\/casa\\\/\"},{\"@type\":\"ListItem\",\"position\":2,\"name\":\"Pol\u00edtica de privacidad\"}]},{\"@type\":\"WebSite\",\"@id\":\"https:\\\/\\\/ekwtransport.nl\\\/es\\\/#website\",\"url\":\"https:\\\/\\\/ekwtransport.nl\\\/es\\\/\",\"name\":\"EKW Transport\",\"description\":\"Kooiaap transport Scandinavi\u00eb, Benelux en verder\",\"potentialAction\":[{\"@type\":\"SearchAction\",\"target\":{\"@type\":\"EntryPoint\",\"urlTemplate\":\"https:\\\/\\\/ekwtransport.nl\\\/es\\\/?s={search_term_string}\"},\"query-input\":{\"@type\":\"PropertyValueSpecification\",\"valueRequired\":true,\"valueName\":\"search_term_string\"}}],\"inLanguage\":\"es\"}]}<\/script>\n<!-- \/ Yoast SEO plugin. -->","yoast_head_json":{"title":"Pol\u00edtica de privacidad - EKW Transport","robots":{"index":"noindex","follow":"follow"},"og_locale":"es_ES","og_type":"article","og_title":"Pol\u00edtica de privacidad - EKW Transport","og_description":"Esta es la declaraci\u00f3n de privacidad de: EKW Transport ubicada en Van Leeuwenhoeklaan 4, 9207 JE en Drachten . N\u00famero de registro de la C\u00e1mara de Comercio: 53899776 con n\u00famero de IVA: NL001435295B05. Si tiene preguntas o p\u00f3ngase en contacto, puede enviar un correo electr\u00f3nico a info@ekwtransport.nl . Qu\u00e9 datos personales recopilamos y por qu\u00e9 [&hellip;]","og_url":"https:\/\/ekwtransport.nl\/es\/politica-de-privacidad\/","og_site_name":"EKW Transport","article_modified_time":"2021-12-20T12:54:41+00:00","og_image":[{"width":2560,"height":1440,"url":"https:\/\/ekwtransport.nl\/wp-content\/uploads\/2021\/11\/Beginpagina_EKW-Transport1-min-scaled.jpg","type":"image\/jpeg"}],"twitter_card":"summary_large_image","twitter_misc":{"Tiempo de lectura":"6 minutos"},"schema":{"@context":"https:\/\/schema.org","@graph":[{"@type":"WebPage","@id":"https:\/\/ekwtransport.nl\/es\/politica-de-privacidad\/","url":"https:\/\/ekwtransport.nl\/es\/politica-de-privacidad\/","name":"Pol\u00edtica de privacidad - EKW Transport","isPartOf":{"@id":"https:\/\/ekwtransport.nl\/es\/#website"},"primaryImageOfPage":{"@id":"https:\/\/ekwtransport.nl\/es\/politica-de-privacidad\/#primaryimage"},"image":{"@id":"https:\/\/ekwtransport.nl\/es\/politica-de-privacidad\/#primaryimage"},"thumbnailUrl":"https:\/\/ekwtransport.nl\/wp-content\/uploads\/2021\/11\/Beginpagina_EKW-Transport1-min-scaled.jpg","datePublished":"2021-12-20T12:54:36+00:00","dateModified":"2021-12-20T12:54:41+00:00","breadcrumb":{"@id":"https:\/\/ekwtransport.nl\/es\/politica-de-privacidad\/#breadcrumb"},"inLanguage":"es","potentialAction":[{"@type":"ReadAction","target":["https:\/\/ekwtransport.nl\/es\/politica-de-privacidad\/"]}]},{"@type":"ImageObject","inLanguage":"es","@id":"https:\/\/ekwtransport.nl\/es\/politica-de-privacidad\/#primaryimage","url":"https:\/\/ekwtransport.nl\/wp-content\/uploads\/2021\/11\/Beginpagina_EKW-Transport1-min-scaled.jpg","contentUrl":"https:\/\/ekwtransport.nl\/wp-content\/uploads\/2021\/11\/Beginpagina_EKW-Transport1-min-scaled.jpg","width":2560,"height":1440,"caption":"EKW Transport"},{"@type":"BreadcrumbList","@id":"https:\/\/ekwtransport.nl\/es\/politica-de-privacidad\/#breadcrumb","itemListElement":[{"@type":"ListItem","position":1,"name":"Home","item":"https:\/\/ekwtransport.nl\/es\/casa\/"},{"@type":"ListItem","position":2,"name":"Pol\u00edtica de privacidad"}]},{"@type":"WebSite","@id":"https:\/\/ekwtransport.nl\/es\/#website","url":"https:\/\/ekwtransport.nl\/es\/","name":"EKW Transport","description":"Kooiaap transport Scandinavi\u00eb, Benelux en verder","potentialAction":[{"@type":"SearchAction","target":{"@type":"EntryPoint","urlTemplate":"https:\/\/ekwtransport.nl\/es\/?s={search_term_string}"},"query-input":{"@type":"PropertyValueSpecification","valueRequired":true,"valueName":"search_term_string"}}],"inLanguage":"es"}]}},"_links":{"self":[{"href":"https:\/\/ekwtransport.nl\/es\/wp-json\/wp\/v2\/pages\/3033","targetHints":{"allow":["GET"]}}],"collection":[{"href":"https:\/\/ekwtransport.nl\/es\/wp-json\/wp\/v2\/pages"}],"about":[{"href":"https:\/\/ekwtransport.nl\/es\/wp-json\/wp\/v2\/types\/page"}],"author":[{"embeddable":true,"href":"https:\/\/ekwtransport.nl\/es\/wp-json\/wp\/v2\/users\/1"}],"replies":[{"embeddable":true,"href":"https:\/\/ekwtransport.nl\/es\/wp-json\/wp\/v2\/comments?post=3033"}],"version-history":[{"count":1,"href":"https:\/\/ekwtransport.nl\/es\/wp-json\/wp\/v2\/pages\/3033\/revisions"}],"predecessor-version":[{"id":3035,"href":"https:\/\/ekwtransport.nl\/es\/wp-json\/wp\/v2\/pages\/3033\/revisions\/3035"}],"wp:featuredmedia":[{"embeddable":true,"href":"https:\/\/ekwtransport.nl\/es\/wp-json\/wp\/v2\/media\/1828"}],"wp:attachment":[{"href":"https:\/\/ekwtransport.nl\/es\/wp-json\/wp\/v2\/media?parent=3033"}],"curies":[{"name":"wp","href":"https:\/\/api.w.org\/{rel}","templated":true}]}}