{"id":2834,"date":"2021-12-20T10:32:05","date_gmt":"2021-12-20T10:32:05","guid":{"rendered":"https:\/\/ekw.templ8.nl\/a-propos-de-nous\/"},"modified":"2022-01-17T14:48:37","modified_gmt":"2022-01-17T14:48:37","slug":"a-propos-de-nous","status":"publish","type":"page","link":"https:\/\/ekwtransport.nl\/fr\/a-propos-de-nous\/","title":{"rendered":"\u00c0 propos de nous"},"content":{"rendered":"\t\t<div data-elementor-type=\"wp-page\" data-elementor-id=\"2834\" class=\"elementor elementor-2834 elementor-1820\" data-elementor-post-type=\"page\">\n\t\t\t\t\t\t<section class=\"elementor-section elementor-top-section elementor-element elementor-element-9f2d295 elementor-section-boxed elementor-section-height-default elementor-section-height-default\" data-id=\"9f2d295\" data-element_type=\"section\" data-e-type=\"section\">\n\t\t\t\t\t\t<div class=\"elementor-container elementor-column-gap-default\">\n\t\t\t\t\t<div class=\"elementor-column elementor-col-100 elementor-top-column elementor-element elementor-element-d69e3fa\" data-id=\"d69e3fa\" data-element_type=\"column\" data-e-type=\"column\">\n\t\t\t<div class=\"elementor-widget-wrap elementor-element-populated\">\n\t\t\t\t\t\t<div class=\"elementor-element elementor-element-c296614 elementor-widget elementor-widget-heading\" data-id=\"c296614\" data-element_type=\"widget\" data-e-type=\"widget\" data-widget_type=\"heading.default\">\n\t\t\t\t<div class=\"elementor-widget-container\">\n\t\t\t\t\t<h1 class=\"elementor-heading-title elementor-size-default\">Le transport est dans notre ADN<\/h1>\t\t\t\t<\/div>\n\t\t\t\t<\/div>\n\t\t\t\t<div class=\"elementor-element elementor-element-2fa11cd elementor-widget elementor-widget-text-editor\" data-id=\"2fa11cd\" data-element_type=\"widget\" data-e-type=\"widget\" data-widget_type=\"text-editor.default\">\n\t\t\t\t<div class=\"elementor-widget-container\">\n\t\t\t\t\t\t\t\t\t<p>Chaque jour, douze combinaisons de camions EKW Transport sont en route vers diverses destinations en Europe, dont la Belgique, l&rsquo;Allemagne, le Luxembourg, la Norv\u00e8ge, la Su\u00e8de, le Danemark et la Finlande. Avec des d\u00e9parts quotidiens de camions de la localit\u00e9 de Drachten vers le Benelux et la Scandinavie, ce sont nos deux domaines de travail les plus importants, mais il y a aussi des transports r\u00e9guliers vers l&rsquo;Italie.<\/p>\n\t\t\t\t\t\t\t\t<\/div>\n\t\t\t\t<\/div>\n\t\t\t\t\t<\/div>\n\t\t<\/div>\n\t\t\t\t\t<\/div>\n\t\t<\/section>\n\t\t\t\t<section class=\"elementor-section elementor-top-section elementor-element elementor-element-38a7e1e elementor-section-full_width elementor-section-height-default elementor-section-height-default\" data-id=\"38a7e1e\" data-element_type=\"section\" data-e-type=\"section\">\n\t\t\t\t\t\t<div class=\"elementor-container elementor-column-gap-default\">\n\t\t\t\t\t<div class=\"elementor-column elementor-col-100 elementor-top-column elementor-element elementor-element-ab09130\" data-id=\"ab09130\" data-element_type=\"column\" data-e-type=\"column\">\n\t\t\t<div class=\"elementor-widget-wrap elementor-element-populated\">\n\t\t\t\t\t\t<section class=\"elementor-section elementor-inner-section elementor-element elementor-element-a2e2912 elementor-section-boxed elementor-section-height-default elementor-section-height-default\" data-id=\"a2e2912\" data-element_type=\"section\" data-e-type=\"section\">\n\t\t\t\t\t\t<div class=\"elementor-container elementor-column-gap-default\">\n\t\t\t\t\t<div class=\"elementor-column elementor-col-25 elementor-inner-column elementor-element elementor-element-7852892\" data-id=\"7852892\" data-element_type=\"column\" data-e-type=\"column\">\n\t\t\t<div class=\"elementor-widget-wrap elementor-element-populated\">\n\t\t\t\t\t\t<div class=\"elementor-element elementor-element-6240797 elementor-widget elementor-widget-image\" data-id=\"6240797\" data-element_type=\"widget\" data-e-type=\"widget\" data-widget_type=\"image.default\">\n\t\t\t\t<div class=\"elementor-widget-container\">\n\t\t\t\t\t\t\t\t\t\t\t\t\t\t\t<img fetchpriority=\"high\" decoding=\"async\" width=\"800\" height=\"533\" src=\"https:\/\/ekwtransport.nl\/wp-content\/uploads\/2021\/11\/fotografie_suus_0999_E10R8-1024x682.jpg\" class=\"attachment-large size-large wp-image-2655\" alt=\"\" srcset=\"https:\/\/ekwtransport.nl\/wp-content\/uploads\/2021\/11\/fotografie_suus_0999_E10R8-1024x682.jpg 1024w, https:\/\/ekwtransport.nl\/wp-content\/uploads\/2021\/11\/fotografie_suus_0999_E10R8-300x200.jpg 300w, https:\/\/ekwtransport.nl\/wp-content\/uploads\/2021\/11\/fotografie_suus_0999_E10R8-768x512.jpg 768w, https:\/\/ekwtransport.nl\/wp-content\/uploads\/2021\/11\/fotografie_suus_0999_E10R8-1536x1024.jpg 1536w, https:\/\/ekwtransport.nl\/wp-content\/uploads\/2021\/11\/fotografie_suus_0999_E10R8.jpg 2000w\" sizes=\"(max-width: 800px) 100vw, 800px\" \/>\t\t\t\t\t\t\t\t\t\t\t\t\t\t\t<\/div>\n\t\t\t\t<\/div>\n\t\t\t\t\t<\/div>\n\t\t<\/div>\n\t\t\t\t<div class=\"elementor-column elementor-col-25 elementor-inner-column elementor-element elementor-element-9ce58dc\" data-id=\"9ce58dc\" data-element_type=\"column\" data-e-type=\"column\">\n\t\t\t<div class=\"elementor-widget-wrap elementor-element-populated\">\n\t\t\t\t\t\t<div class=\"elementor-element elementor-element-81f7dc1 elementor-widget elementor-widget-image\" data-id=\"81f7dc1\" data-element_type=\"widget\" data-e-type=\"widget\" data-widget_type=\"image.default\">\n\t\t\t\t<div class=\"elementor-widget-container\">\n\t\t\t\t\t\t\t\t\t\t\t\t\t\t\t<img decoding=\"async\" width=\"800\" height=\"533\" src=\"https:\/\/ekwtransport.nl\/wp-content\/uploads\/2021\/11\/fotografie_suus__6-1024x682.jpg\" class=\"attachment-large size-large wp-image-2610\" alt=\"\" srcset=\"https:\/\/ekwtransport.nl\/wp-content\/uploads\/2021\/11\/fotografie_suus__6-1024x682.jpg 1024w, https:\/\/ekwtransport.nl\/wp-content\/uploads\/2021\/11\/fotografie_suus__6-300x200.jpg 300w, https:\/\/ekwtransport.nl\/wp-content\/uploads\/2021\/11\/fotografie_suus__6-768x512.jpg 768w, https:\/\/ekwtransport.nl\/wp-content\/uploads\/2021\/11\/fotografie_suus__6-1536x1024.jpg 1536w, https:\/\/ekwtransport.nl\/wp-content\/uploads\/2021\/11\/fotografie_suus__6.jpg 2000w\" sizes=\"(max-width: 800px) 100vw, 800px\" \/>\t\t\t\t\t\t\t\t\t\t\t\t\t\t\t<\/div>\n\t\t\t\t<\/div>\n\t\t\t\t\t<\/div>\n\t\t<\/div>\n\t\t\t\t<div class=\"elementor-column elementor-col-25 elementor-inner-column elementor-element elementor-element-0362ca6\" data-id=\"0362ca6\" data-element_type=\"column\" data-e-type=\"column\">\n\t\t\t<div class=\"elementor-widget-wrap elementor-element-populated\">\n\t\t\t\t\t\t<div class=\"elementor-element elementor-element-7bb7968 elementor-widget elementor-widget-image\" data-id=\"7bb7968\" data-element_type=\"widget\" data-e-type=\"widget\" data-widget_type=\"image.default\">\n\t\t\t\t<div class=\"elementor-widget-container\">\n\t\t\t\t\t\t\t\t\t\t\t\t\t\t\t<img decoding=\"async\" width=\"800\" height=\"534\" src=\"https:\/\/ekwtransport.nl\/wp-content\/uploads\/2021\/11\/Fotografie_Suus-00193-min-1024x683.jpg\" class=\"attachment-large size-large wp-image-2661\" alt=\"\" srcset=\"https:\/\/ekwtransport.nl\/wp-content\/uploads\/2021\/11\/Fotografie_Suus-00193-min-1024x683.jpg 1024w, https:\/\/ekwtransport.nl\/wp-content\/uploads\/2021\/11\/Fotografie_Suus-00193-min-300x200.jpg 300w, https:\/\/ekwtransport.nl\/wp-content\/uploads\/2021\/11\/Fotografie_Suus-00193-min-768x512.jpg 768w, https:\/\/ekwtransport.nl\/wp-content\/uploads\/2021\/11\/Fotografie_Suus-00193-min-1536x1024.jpg 1536w, https:\/\/ekwtransport.nl\/wp-content\/uploads\/2021\/11\/Fotografie_Suus-00193-min-2048x1365.jpg 2048w\" sizes=\"(max-width: 800px) 100vw, 800px\" \/>\t\t\t\t\t\t\t\t\t\t\t\t\t\t\t<\/div>\n\t\t\t\t<\/div>\n\t\t\t\t\t<\/div>\n\t\t<\/div>\n\t\t\t\t<div class=\"elementor-column elementor-col-25 elementor-inner-column elementor-element elementor-element-4734397\" data-id=\"4734397\" data-element_type=\"column\" data-e-type=\"column\">\n\t\t\t<div class=\"elementor-widget-wrap elementor-element-populated\">\n\t\t\t\t\t\t<div class=\"elementor-element elementor-element-9465b33 elementor-widget elementor-widget-image\" data-id=\"9465b33\" data-element_type=\"widget\" data-e-type=\"widget\" data-widget_type=\"image.default\">\n\t\t\t\t<div class=\"elementor-widget-container\">\n\t\t\t\t\t\t\t\t\t\t\t\t\t\t\t<img loading=\"lazy\" decoding=\"async\" width=\"800\" height=\"534\" src=\"https:\/\/ekwtransport.nl\/wp-content\/uploads\/2021\/10\/Fotografie_Suus-00174-1024x683.jpg\" class=\"attachment-large size-large wp-image-2275\" alt=\"\" srcset=\"https:\/\/ekwtransport.nl\/wp-content\/uploads\/2021\/10\/Fotografie_Suus-00174-1024x683.jpg 1024w, https:\/\/ekwtransport.nl\/wp-content\/uploads\/2021\/10\/Fotografie_Suus-00174-300x200.jpg 300w, https:\/\/ekwtransport.nl\/wp-content\/uploads\/2021\/10\/Fotografie_Suus-00174-768x512.jpg 768w, https:\/\/ekwtransport.nl\/wp-content\/uploads\/2021\/10\/Fotografie_Suus-00174-1536x1024.jpg 1536w, https:\/\/ekwtransport.nl\/wp-content\/uploads\/2021\/10\/Fotografie_Suus-00174.jpg 1600w\" sizes=\"(max-width: 800px) 100vw, 800px\" \/>\t\t\t\t\t\t\t\t\t\t\t\t\t\t\t<\/div>\n\t\t\t\t<\/div>\n\t\t\t\t\t<\/div>\n\t\t<\/div>\n\t\t\t\t\t<\/div>\n\t\t<\/section>\n\t\t\t\t\t<\/div>\n\t\t<\/div>\n\t\t\t\t\t<\/div>\n\t\t<\/section>\n\t\t\t\t<section class=\"elementor-section elementor-top-section elementor-element elementor-element-2a46870a elementor-section-boxed elementor-section-height-default elementor-section-height-default\" data-id=\"2a46870a\" data-element_type=\"section\" data-e-type=\"section\">\n\t\t\t\t\t\t<div class=\"elementor-container elementor-column-gap-default\">\n\t\t\t\t\t<div class=\"elementor-column elementor-col-100 elementor-top-column elementor-element elementor-element-5b0b5a9b\" data-id=\"5b0b5a9b\" data-element_type=\"column\" data-e-type=\"column\">\n\t\t\t<div class=\"elementor-widget-wrap elementor-element-populated\">\n\t\t\t\t\t\t<div class=\"elementor-element elementor-element-511a044 elementor-widget elementor-widget-text-editor\" data-id=\"511a044\" data-element_type=\"widget\" data-e-type=\"widget\" data-widget_type=\"text-editor.default\">\n\t\t\t\t<div class=\"elementor-widget-container\">\n\t\t\t\t\t\t\t\t\t<p>La mise en \u0153uvre des combinaisons varie, des remorques directrices, m\u00e9ga-remorques et remorques-grues aux semi-remorques surbaiss\u00e9es ferm\u00e9es. Plusieurs combinaisons sont \u00e9quip\u00e9es d&rsquo;un chariot \u00e9l\u00e9vateur embarqu\u00e9, un kooiaap, ce qui rend nos chauffeurs autonomes aux adresses de chargement et de d\u00e9chargement. De plus, il n&rsquo;est donc pas difficile d&rsquo;atteindre presque tous les sites du centre-ville, les entreprises agricoles et les chantiers de construction.<\/p>\n<p>Le transport est dans notre ADN. Nous sommes actifs dans le secteur des transports depuis l&rsquo;enfance et savons donc mieux que quiconque comment les choses fonctionnent dans ce secteur. La confiance et les lignes de communication courtes sont les principes les plus importants de notre organisation. <br \/>Nous disons ce que nous faisons et faisons ce que nous disons.<\/p>\n\t\t\t\t\t\t\t\t<\/div>\n\t\t\t\t<\/div>\n\t\t\t\t\t<\/div>\n\t\t<\/div>\n\t\t\t\t\t<\/div>\n\t\t<\/section>\n\t\t\t\t<section class=\"elementor-section elementor-top-section elementor-element elementor-element-96b2d3b elementor-section-boxed elementor-section-height-default elementor-section-height-default\" data-id=\"96b2d3b\" data-element_type=\"section\" data-e-type=\"section\">\n\t\t\t\t\t\t<div class=\"elementor-container elementor-column-gap-default\">\n\t\t\t\t\t<div class=\"elementor-column elementor-col-50 elementor-top-column elementor-element elementor-element-a3dfcc5\" data-id=\"a3dfcc5\" data-element_type=\"column\" data-e-type=\"column\">\n\t\t\t<div class=\"elementor-widget-wrap elementor-element-populated\">\n\t\t\t\t\t\t<div class=\"elementor-element elementor-element-d8a45fa elementor-widget elementor-widget-image\" data-id=\"d8a45fa\" data-element_type=\"widget\" data-e-type=\"widget\" data-widget_type=\"image.default\">\n\t\t\t\t<div class=\"elementor-widget-container\">\n\t\t\t\t\t\t\t\t\t\t\t\t\t\t\t<img decoding=\"async\" src=\"https:\/\/ekwtransport.nl\/wp-content\/uploads\/2021\/11\/EKW-Transport_Evert_Directeur-min.jpg\" title=\"EKW-Transport_Evert_Director-min\" alt=\"EKW-Transport_Evert_Director-min\" loading=\"lazy\" \/>\t\t\t\t\t\t\t\t\t\t\t\t\t\t\t<\/div>\n\t\t\t\t<\/div>\n\t\t\t\t<div class=\"elementor-element elementor-element-b4f2b00 elementor-widget__width-auto elementor-widget elementor-widget-heading\" data-id=\"b4f2b00\" data-element_type=\"widget\" data-e-type=\"widget\" data-widget_type=\"heading.default\">\n\t\t\t\t<div class=\"elementor-widget-container\">\n\t\t\t\t\t<h2 class=\"elementor-heading-title elementor-size-default\"><span style=\"color:#ff4d00\">Evert<\/span><br>Directeur &amp; planificateur<\/h2>\t\t\t\t<\/div>\n\t\t\t\t<\/div>\n\t\t\t\t\t<\/div>\n\t\t<\/div>\n\t\t\t\t<div class=\"elementor-column elementor-col-50 elementor-top-column elementor-element elementor-element-eeb12c0\" data-id=\"eeb12c0\" data-element_type=\"column\" data-e-type=\"column\">\n\t\t\t<div class=\"elementor-widget-wrap elementor-element-populated\">\n\t\t\t\t\t\t<div class=\"elementor-element elementor-element-d8e7897 elementor-widget elementor-widget-image\" data-id=\"d8e7897\" data-element_type=\"widget\" data-e-type=\"widget\" data-widget_type=\"image.default\">\n\t\t\t\t<div class=\"elementor-widget-container\">\n\t\t\t\t\t\t\t\t\t\t\t\t\t\t\t<img loading=\"lazy\" decoding=\"async\" width=\"640\" height=\"1024\" src=\"https:\/\/ekwtransport.nl\/wp-content\/uploads\/2021\/11\/EKW-Transport_Alice_Adminsitratie-min-640x1024.jpg\" class=\"attachment-large size-large wp-image-2670\" alt=\"\" srcset=\"https:\/\/ekwtransport.nl\/wp-content\/uploads\/2021\/11\/EKW-Transport_Alice_Adminsitratie-min-640x1024.jpg 640w, https:\/\/ekwtransport.nl\/wp-content\/uploads\/2021\/11\/EKW-Transport_Alice_Adminsitratie-min-188x300.jpg 188w, https:\/\/ekwtransport.nl\/wp-content\/uploads\/2021\/11\/EKW-Transport_Alice_Adminsitratie-min-768x1229.jpg 768w, https:\/\/ekwtransport.nl\/wp-content\/uploads\/2021\/11\/EKW-Transport_Alice_Adminsitratie-min.jpg 800w\" sizes=\"(max-width: 640px) 100vw, 640px\" \/>\t\t\t\t\t\t\t\t\t\t\t\t\t\t\t<\/div>\n\t\t\t\t<\/div>\n\t\t\t\t<div class=\"elementor-element elementor-element-1cc90cc elementor-widget__width-auto elementor-widget elementor-widget-heading\" data-id=\"1cc90cc\" data-element_type=\"widget\" data-e-type=\"widget\" data-widget_type=\"heading.default\">\n\t\t\t\t<div class=\"elementor-widget-container\">\n\t\t\t\t\t<h2 class=\"elementor-heading-title elementor-size-default\"><span style=\"color:#ff4d00\">Alice<\/span><br>Adjointe administrative<\/h2>\t\t\t\t<\/div>\n\t\t\t\t<\/div>\n\t\t\t\t\t<\/div>\n\t\t<\/div>\n\t\t\t\t\t<\/div>\n\t\t<\/section>\n\t\t\t\t<\/div>\n\t\t","protected":false},"excerpt":{"rendered":"<p>Le transport est dans notre ADN Chaque jour, douze combinaisons de camions EKW Transport sont en route vers diverses destinations en Europe, dont la Belgique, l&rsquo;Allemagne, le Luxembourg, la Norv\u00e8ge, la Su\u00e8de, le Danemark et la Finlande. Avec des d\u00e9parts quotidiens de camions de la localit\u00e9 de Drachten vers le Benelux et la Scandinavie, ce [&hellip;]<\/p>\n","protected":false},"author":1,"featured_media":1828,"parent":0,"menu_order":0,"comment_status":"closed","ping_status":"closed","template":"","meta":{"footnotes":""},"class_list":["post-2834","page","type-page","status-publish","has-post-thumbnail","hentry"],"yoast_head":"<!-- This site is optimized with the Yoast SEO plugin v27.5 - https:\/\/yoast.com\/product\/yoast-seo-wordpress\/ -->\n<title>\u00c0 propos de nous - EKW Transport<\/title>\n<meta name=\"robots\" content=\"index, follow, max-snippet:-1, max-image-preview:large, max-video-preview:-1\" \/>\n<link rel=\"canonical\" href=\"https:\/\/ekwtransport.nl\/fr\/a-propos-de-nous\/\" \/>\n<meta property=\"og:locale\" content=\"fr_FR\" \/>\n<meta property=\"og:type\" content=\"article\" \/>\n<meta property=\"og:title\" content=\"\u00c0 propos de nous - EKW Transport\" \/>\n<meta property=\"og:description\" content=\"Le transport est dans notre ADN Chaque jour, douze combinaisons de camions EKW Transport sont en route vers diverses destinations en Europe, dont la Belgique, l&rsquo;Allemagne, le Luxembourg, la Norv\u00e8ge, la Su\u00e8de, le Danemark et la Finlande. Avec des d\u00e9parts quotidiens de camions de la localit\u00e9 de Drachten vers le Benelux et la Scandinavie, ce [&hellip;]\" \/>\n<meta property=\"og:url\" content=\"https:\/\/ekwtransport.nl\/fr\/a-propos-de-nous\/\" \/>\n<meta property=\"og:site_name\" content=\"EKW Transport\" \/>\n<meta property=\"article:modified_time\" content=\"2022-01-17T14:48:37+00:00\" \/>\n<meta property=\"og:image\" content=\"https:\/\/ekwtransport.nl\/wp-content\/uploads\/2021\/11\/Beginpagina_EKW-Transport1-min-scaled.jpg\" \/>\n\t<meta property=\"og:image:width\" content=\"2560\" \/>\n\t<meta property=\"og:image:height\" content=\"1440\" \/>\n\t<meta property=\"og:image:type\" content=\"image\/jpeg\" \/>\n<meta name=\"twitter:card\" content=\"summary_large_image\" \/>\n<meta name=\"twitter:label1\" content=\"Dur\u00e9e de lecture estim\u00e9e\" \/>\n\t<meta name=\"twitter:data1\" content=\"4 minutes\" \/>\n<script type=\"application\/ld+json\" class=\"yoast-schema-graph\">{\"@context\":\"https:\\\/\\\/schema.org\",\"@graph\":[{\"@type\":\"WebPage\",\"@id\":\"https:\\\/\\\/ekwtransport.nl\\\/fr\\\/a-propos-de-nous\\\/\",\"url\":\"https:\\\/\\\/ekwtransport.nl\\\/fr\\\/a-propos-de-nous\\\/\",\"name\":\"\u00c0 propos de nous - EKW Transport\",\"isPartOf\":{\"@id\":\"https:\\\/\\\/ekwtransport.nl\\\/fr\\\/#website\"},\"primaryImageOfPage\":{\"@id\":\"https:\\\/\\\/ekwtransport.nl\\\/fr\\\/a-propos-de-nous\\\/#primaryimage\"},\"image\":{\"@id\":\"https:\\\/\\\/ekwtransport.nl\\\/fr\\\/a-propos-de-nous\\\/#primaryimage\"},\"thumbnailUrl\":\"https:\\\/\\\/ekwtransport.nl\\\/wp-content\\\/uploads\\\/2021\\\/11\\\/Beginpagina_EKW-Transport1-min-scaled.jpg\",\"datePublished\":\"2021-12-20T10:32:05+00:00\",\"dateModified\":\"2022-01-17T14:48:37+00:00\",\"breadcrumb\":{\"@id\":\"https:\\\/\\\/ekwtransport.nl\\\/fr\\\/a-propos-de-nous\\\/#breadcrumb\"},\"inLanguage\":\"fr-FR\",\"potentialAction\":[{\"@type\":\"ReadAction\",\"target\":[\"https:\\\/\\\/ekwtransport.nl\\\/fr\\\/a-propos-de-nous\\\/\"]}]},{\"@type\":\"ImageObject\",\"inLanguage\":\"fr-FR\",\"@id\":\"https:\\\/\\\/ekwtransport.nl\\\/fr\\\/a-propos-de-nous\\\/#primaryimage\",\"url\":\"https:\\\/\\\/ekwtransport.nl\\\/wp-content\\\/uploads\\\/2021\\\/11\\\/Beginpagina_EKW-Transport1-min-scaled.jpg\",\"contentUrl\":\"https:\\\/\\\/ekwtransport.nl\\\/wp-content\\\/uploads\\\/2021\\\/11\\\/Beginpagina_EKW-Transport1-min-scaled.jpg\",\"width\":2560,\"height\":1440,\"caption\":\"EKW Transport\"},{\"@type\":\"BreadcrumbList\",\"@id\":\"https:\\\/\\\/ekwtransport.nl\\\/fr\\\/a-propos-de-nous\\\/#breadcrumb\",\"itemListElement\":[{\"@type\":\"ListItem\",\"position\":1,\"name\":\"Home\",\"item\":\"https:\\\/\\\/ekwtransport.nl\\\/fr\\\/home\\\/\"},{\"@type\":\"ListItem\",\"position\":2,\"name\":\"\u00c0 propos de nous\"}]},{\"@type\":\"WebSite\",\"@id\":\"https:\\\/\\\/ekwtransport.nl\\\/fr\\\/#website\",\"url\":\"https:\\\/\\\/ekwtransport.nl\\\/fr\\\/\",\"name\":\"EKW Transport\",\"description\":\"Kooiaap transport Scandinavi\u00eb, Benelux en verder\",\"potentialAction\":[{\"@type\":\"SearchAction\",\"target\":{\"@type\":\"EntryPoint\",\"urlTemplate\":\"https:\\\/\\\/ekwtransport.nl\\\/fr\\\/?s={search_term_string}\"},\"query-input\":{\"@type\":\"PropertyValueSpecification\",\"valueRequired\":true,\"valueName\":\"search_term_string\"}}],\"inLanguage\":\"fr-FR\"}]}<\/script>\n<!-- \/ Yoast SEO plugin. -->","yoast_head_json":{"title":"\u00c0 propos de nous - EKW Transport","robots":{"index":"index","follow":"follow","max-snippet":"max-snippet:-1","max-image-preview":"max-image-preview:large","max-video-preview":"max-video-preview:-1"},"canonical":"https:\/\/ekwtransport.nl\/fr\/a-propos-de-nous\/","og_locale":"fr_FR","og_type":"article","og_title":"\u00c0 propos de nous - EKW Transport","og_description":"Le transport est dans notre ADN Chaque jour, douze combinaisons de camions EKW Transport sont en route vers diverses destinations en Europe, dont la Belgique, l&rsquo;Allemagne, le Luxembourg, la Norv\u00e8ge, la Su\u00e8de, le Danemark et la Finlande. Avec des d\u00e9parts quotidiens de camions de la localit\u00e9 de Drachten vers le Benelux et la Scandinavie, ce [&hellip;]","og_url":"https:\/\/ekwtransport.nl\/fr\/a-propos-de-nous\/","og_site_name":"EKW Transport","article_modified_time":"2022-01-17T14:48:37+00:00","og_image":[{"width":2560,"height":1440,"url":"https:\/\/ekwtransport.nl\/wp-content\/uploads\/2021\/11\/Beginpagina_EKW-Transport1-min-scaled.jpg","type":"image\/jpeg"}],"twitter_card":"summary_large_image","twitter_misc":{"Dur\u00e9e de lecture estim\u00e9e":"4 minutes"},"schema":{"@context":"https:\/\/schema.org","@graph":[{"@type":"WebPage","@id":"https:\/\/ekwtransport.nl\/fr\/a-propos-de-nous\/","url":"https:\/\/ekwtransport.nl\/fr\/a-propos-de-nous\/","name":"\u00c0 propos de nous - EKW Transport","isPartOf":{"@id":"https:\/\/ekwtransport.nl\/fr\/#website"},"primaryImageOfPage":{"@id":"https:\/\/ekwtransport.nl\/fr\/a-propos-de-nous\/#primaryimage"},"image":{"@id":"https:\/\/ekwtransport.nl\/fr\/a-propos-de-nous\/#primaryimage"},"thumbnailUrl":"https:\/\/ekwtransport.nl\/wp-content\/uploads\/2021\/11\/Beginpagina_EKW-Transport1-min-scaled.jpg","datePublished":"2021-12-20T10:32:05+00:00","dateModified":"2022-01-17T14:48:37+00:00","breadcrumb":{"@id":"https:\/\/ekwtransport.nl\/fr\/a-propos-de-nous\/#breadcrumb"},"inLanguage":"fr-FR","potentialAction":[{"@type":"ReadAction","target":["https:\/\/ekwtransport.nl\/fr\/a-propos-de-nous\/"]}]},{"@type":"ImageObject","inLanguage":"fr-FR","@id":"https:\/\/ekwtransport.nl\/fr\/a-propos-de-nous\/#primaryimage","url":"https:\/\/ekwtransport.nl\/wp-content\/uploads\/2021\/11\/Beginpagina_EKW-Transport1-min-scaled.jpg","contentUrl":"https:\/\/ekwtransport.nl\/wp-content\/uploads\/2021\/11\/Beginpagina_EKW-Transport1-min-scaled.jpg","width":2560,"height":1440,"caption":"EKW Transport"},{"@type":"BreadcrumbList","@id":"https:\/\/ekwtransport.nl\/fr\/a-propos-de-nous\/#breadcrumb","itemListElement":[{"@type":"ListItem","position":1,"name":"Home","item":"https:\/\/ekwtransport.nl\/fr\/home\/"},{"@type":"ListItem","position":2,"name":"\u00c0 propos de nous"}]},{"@type":"WebSite","@id":"https:\/\/ekwtransport.nl\/fr\/#website","url":"https:\/\/ekwtransport.nl\/fr\/","name":"EKW Transport","description":"Kooiaap transport Scandinavi\u00eb, Benelux en verder","potentialAction":[{"@type":"SearchAction","target":{"@type":"EntryPoint","urlTemplate":"https:\/\/ekwtransport.nl\/fr\/?s={search_term_string}"},"query-input":{"@type":"PropertyValueSpecification","valueRequired":true,"valueName":"search_term_string"}}],"inLanguage":"fr-FR"}]}},"_links":{"self":[{"href":"https:\/\/ekwtransport.nl\/fr\/wp-json\/wp\/v2\/pages\/2834","targetHints":{"allow":["GET"]}}],"collection":[{"href":"https:\/\/ekwtransport.nl\/fr\/wp-json\/wp\/v2\/pages"}],"about":[{"href":"https:\/\/ekwtransport.nl\/fr\/wp-json\/wp\/v2\/types\/page"}],"author":[{"embeddable":true,"href":"https:\/\/ekwtransport.nl\/fr\/wp-json\/wp\/v2\/users\/1"}],"replies":[{"embeddable":true,"href":"https:\/\/ekwtransport.nl\/fr\/wp-json\/wp\/v2\/comments?post=2834"}],"version-history":[{"count":6,"href":"https:\/\/ekwtransport.nl\/fr\/wp-json\/wp\/v2\/pages\/2834\/revisions"}],"predecessor-version":[{"id":3395,"href":"https:\/\/ekwtransport.nl\/fr\/wp-json\/wp\/v2\/pages\/2834\/revisions\/3395"}],"wp:featuredmedia":[{"embeddable":true,"href":"https:\/\/ekwtransport.nl\/fr\/wp-json\/wp\/v2\/media\/1828"}],"wp:attachment":[{"href":"https:\/\/ekwtransport.nl\/fr\/wp-json\/wp\/v2\/media?parent=2834"}],"curies":[{"name":"wp","href":"https:\/\/api.w.org\/{rel}","templated":true}]}}